{"id":3,"date":"2022-03-02T09:48:37","date_gmt":"2022-03-02T09:48:37","guid":{"rendered":"https:\/\/yourmadeiraisland.com\/?page_id=3"},"modified":"2025-07-23T20:28:33","modified_gmt":"2025-07-23T20:28:33","slug":"privacy-policy","status":"publish","type":"page","link":"https:\/\/yourmadeiraisland.com\/de\/privacy-policy\/","title":{"rendered":"Datenschutzbestimmungen"},"content":{"rendered":"<h3><b> Einf\u00fchrung<\/b><\/h3>\n<p><b><br \/>\n<\/b><span style=\"font-weight: 400;\">Exclusivo &amp; Discreto Unipessoal LDA (\"wir\", \"unser\", oder \"uns\") betreibt die Website<\/span><a href=\"https:\/\/yourmadeiraisland.com\/de\/\"> <span style=\"font-weight: 400;\">https:\/\/yourmadeiraisland.com\/<\/span><\/a><span style=\"font-weight: 400;\"> (der \"Dienst\"). Diese Datenschutzrichtlinie erkl\u00e4rt, wie wir Ihre pers\u00f6nlichen Daten sammeln, verwenden und sch\u00fctzen, wenn Sie unseren Service nutzen. Wir sind kein Reiseveranstalter, sondern eine Plattform, die verschiedene auf der Insel Madeira verf\u00fcgbare Reiseangebote zusammenfasst. Durch die Nutzung des Dienstes erkl\u00e4ren Sie sich mit der Erfassung und Nutzung Ihrer Daten wie in dieser Richtlinie beschrieben einverstanden.<\/span><\/p>\n<h3><b>Definitionen<\/b><\/h3>\n<ul>\n<li style=\"font-weight: 400;\" aria-level=\"1\"><b>Dienst<\/b><span style=\"font-weight: 400;\">: Die Website<\/span><a href=\"https:\/\/yourmadeiraisland.com\/de\/\"> <span style=\"font-weight: 400;\">https:\/\/yourmadeiraisland.com\/<\/span><\/a><span style=\"font-weight: 400;\"> betrieben von Exclusivo &amp; Discreto Unipessoal LDA.<\/span><\/li>\n<li style=\"font-weight: 400;\" aria-level=\"1\"><b>Pers\u00f6nliche Daten<\/b><span style=\"font-weight: 400;\">: Informationen, die eine lebende Person identifizieren k\u00f6nnen, entweder direkt oder in Kombination mit anderen Daten.<\/span><\/li>\n<li style=\"font-weight: 400;\" aria-level=\"1\"><b>Verwendungsdaten<\/b><span style=\"font-weight: 400;\">: Informationen, die automatisch w\u00e4hrend der Nutzung unseres Dienstes gesammelt werden, wie z.B. IP-Adressen und Browsing-Verhalten.<\/span><\/li>\n<li style=\"font-weight: 400;\" aria-level=\"1\"><b>Cookies<\/b><span style=\"font-weight: 400;\">: Kleine Dateien, die auf Ihrem Ger\u00e4t gespeichert werden und Daten zur Verbesserung der Benutzerfreundlichkeit sammeln.<\/span><\/li>\n<li style=\"font-weight: 400;\" aria-level=\"1\"><b>Datenkontrolleur<\/b><span style=\"font-weight: 400;\">: Exclusivo &amp; Discreto Unipessoal LDA, verantwortlich f\u00fcr die Verarbeitung Ihrer pers\u00f6nlichen Daten.<\/span><\/li>\n<li style=\"font-weight: 400;\" aria-level=\"1\"><b>Datenverarbeiter<\/b><span style=\"font-weight: 400;\">: Drittunternehmen, die in unserem Auftrag Daten verarbeiten, um den Dienst bereitzustellen.<\/span><\/li>\n<li style=\"font-weight: 400;\" aria-level=\"1\"><b>Benutzer<\/b><span style=\"font-weight: 400;\">: Jede Person, die unseren Service nutzt.<\/span><\/li>\n<\/ul>\n<h3><b> Sammlung und Verwendung von Informationen<\/b><b><br \/>\n<\/b><\/h3>\n<p><span style=\"font-weight: 400;\">Wir sammeln verschiedene Arten von Daten f\u00fcr verschiedene Zwecke, um unseren Service zu verbessern und relevante Inhalte bereitzustellen.<\/span><\/p>\n<h3><b> Arten von gesammelten Daten<\/b><\/h3>\n<ul>\n<li style=\"font-weight: 400;\" aria-level=\"1\"><b>Pers\u00f6nliche Daten<\/b><span style=\"font-weight: 400;\">: Dazu k\u00f6nnen unter anderem geh\u00f6ren:<\/span>\n<ul>\n<li style=\"font-weight: 400;\" aria-level=\"2\"><span style=\"font-weight: 400;\">E-Mail Adresse<\/span><\/li>\n<li style=\"font-weight: 400;\" aria-level=\"2\"><span style=\"font-weight: 400;\">Vor- und Nachname<\/span><\/li>\n<li style=\"font-weight: 400;\" aria-level=\"2\"><span style=\"font-weight: 400;\">Rufnummer<\/span><\/li>\n<li style=\"font-weight: 400;\" aria-level=\"2\"><span style=\"font-weight: 400;\">Cookies und Nutzungsdaten<\/span><\/li>\n<\/ul>\n<\/li>\n<\/ul>\n<p><span style=\"font-weight: 400;\">Wir k\u00f6nnen Ihre pers\u00f6nlichen Daten verwenden, um Ihnen Marketingmitteilungen, Newsletter oder Informationen \u00fcber Angebote zu senden. Sie k\u00f6nnen sich jederzeit abmelden, indem Sie dem in unseren Mitteilungen enthaltenen Link zum Abbestellen folgen.<\/span><\/p>\n<ul>\n<li style=\"font-weight: 400;\" aria-level=\"1\"><b>Verwendungsdaten<\/b><span style=\"font-weight: 400;\">: Informationen wie Ihre IP-Adresse, den Browsertyp, die Zeit, die Sie in unserem Service verbringen, und die besuchten Seiten.<\/span><\/li>\n<li style=\"font-weight: 400;\" aria-level=\"1\"><b>Cookies und Tracking-Daten<\/b><span style=\"font-weight: 400;\">: Wir verwenden Cookies, um die Aktivit\u00e4ten in unserem Dienst zu verfolgen und bestimmte Informationen zu speichern. Sie k\u00f6nnen Ihre Cookie-Pr\u00e4ferenzen in den Einstellungen Ihres Browsers festlegen.<\/span><\/li>\n<\/ul>\n<h3><b> Verwendung von Daten<\/b><\/h3>\n<p><b><\/b><span style=\"font-weight: 400;\">Wir verwenden Ihre Daten f\u00fcr die folgenden Zwecke:<\/span><\/p>\n<ul>\n<li style=\"font-weight: 400;\" aria-level=\"1\"><span style=\"font-weight: 400;\">Zum Betrieb und zur Wartung unseres Dienstes<\/span><\/li>\n<li style=\"font-weight: 400;\" aria-level=\"1\"><span style=\"font-weight: 400;\">Um Sie \u00fcber \u00c4nderungen an unserem Service zu informieren<\/span><\/li>\n<li style=\"font-weight: 400;\" aria-level=\"1\"><span style=\"font-weight: 400;\">Kundenunterst\u00fctzung bieten<\/span><\/li>\n<li style=\"font-weight: 400;\" aria-level=\"1\"><span style=\"font-weight: 400;\">Zur \u00dcberwachung der Nutzung und Verbesserung der Leistung<\/span><\/li>\n<li style=\"font-weight: 400;\" aria-level=\"1\"><span style=\"font-weight: 400;\">Um Ihnen relevante Marketing- oder Werbeinhalte zu senden (mit Ihrer Zustimmung)<\/span><\/li>\n<\/ul>\n<h3><b> Aufbewahrung von Daten<\/b><b><br \/>\n<\/b><\/h3>\n<p><span style=\"font-weight: 400;\">Wir bewahren Ihre pers\u00f6nlichen Daten nur so lange auf, wie es f\u00fcr die Erf\u00fcllung der in dieser Datenschutzrichtlinie beschriebenen Zwecke erforderlich ist oder wie es gesetzlich vorgeschrieben ist. Nutzungsdaten werden f\u00fcr k\u00fcrzere Zeitr\u00e4ume gespeichert, es sei denn, sie dienen der Sicherheit oder der Verbesserung des Dienstes.<\/span><\/p>\n<h3><b>\u00dcbertragung von Daten<\/b><\/h3>\n<p><span style=\"font-weight: 400;\">Ihre Daten, einschlie\u00dflich personenbezogener Daten, werden nur an die Reiseunternehmen weitergegeben, mit denen wir zusammenarbeiten, um die von Ihnen gew\u00fcnschten Dienstleistungen zu erbringen. Wir stellen sicher, dass diese Unternehmen die Datenschutz- und Vertraulichkeitsstandards einhalten. Wir geben Ihre Daten nicht an andere Dritte weiter, es sei denn, dies ist gesetzlich vorgeschrieben oder Sie haben ausdr\u00fccklich zugestimmt.<\/span><\/p>\n<h3><b> Offenlegung von Daten<\/b><\/h3>\n<p><b><\/b><span style=\"font-weight: 400;\">Wir k\u00f6nnen Ihre Daten in den folgenden F\u00e4llen weitergeben:<\/span><\/p>\n<ul>\n<li><span style=\"font-weight: 400;\">Zur Erf\u00fcllung gesetzlicher Verpflichtungen<\/span><\/li>\n<li>Im Falle einer Unternehmenstransaktion wie einer Fusion oder eines Verkaufs von Verm\u00f6genswerten<\/li>\n<li>An Dienstleister, die uns beim Betrieb unseres Unternehmens unterst\u00fctzen<\/li>\n<li>Mit Ihrer Zustimmung oder wenn dies f\u00fcr rechtliche oder gesch\u00e4ftliche Zwecke erforderlich ist<\/li>\n<\/ul>\n<h3><b> Sicherheit der Daten<\/b><b><br \/>\n<\/b><\/h3>\n<p><span style=\"font-weight: 400;\">Wir setzen strenge Sicherheitsma\u00dfnahmen ein, einschlie\u00dflich Verschl\u00fcsselung und regelm\u00e4\u00dfiger Sicherheitspr\u00fcfungen, um Ihre pers\u00f6nlichen Daten zu sch\u00fctzen. Obwohl keine Methode der \u00dcbertragung \u00fcber das Internet 100% sicher ist, \u00fcberpr\u00fcfen und verbessern wir st\u00e4ndig unsere Sicherheitsprotokolle, um Ihre Daten nach den h\u00f6chstm\u00f6glichen Standards zu sch\u00fctzen.<\/span><\/p>\n<h3><b> Anbieter von Dienstleistungen<\/b><\/h3>\n<p><b><\/b><span style=\"font-weight: 400;\">Wir k\u00f6nnen auf Drittanbieter zur\u00fcckgreifen, um unseren Service zu erleichtern, einschlie\u00dflich Hosting-, Analyse- und Marketingdienste. Diese Anbieter haben nur zur Durchf\u00fchrung von Aufgaben in unserem Namen Zugriff auf Ihre personenbezogenen Daten und sind verpflichtet, Ihre Privatsph\u00e4re zu sch\u00fctzen.<\/span><\/p>\n<h3><b> Analytik<\/b><\/h3>\n<p><b><\/b><span style=\"font-weight: 400;\">Wir verwenden Analysetools von Drittanbietern, um die Leistung und Nutzung unseres Dienstes zu \u00fcberwachen.<\/span><\/p>\n<h3><b> Zahlungen<\/b><\/h3>\n<p><b><\/b><span style=\"font-weight: 400;\">Wenn Sie \u00fcber unsere Plattform einkaufen, verwenden wir Drittanbieter f\u00fcr die Zahlungsabwicklung. Ihre Zahlungsdaten werden von diesen Verarbeitern sicher behandelt und nicht von uns gespeichert.<\/span><\/p>\n<h3><b> Links zu anderen Seiten<\/b><b><br \/>\n<\/b><\/h3>\n<p><span style=\"font-weight: 400;\">Unser Service kann Links zu Websites Dritter enthalten. Wir sind nicht f\u00fcr die Datenschutzpraktiken oder den Inhalt dieser externen Websites verantwortlich und empfehlen Ihnen, deren Richtlinien zu lesen, bevor Sie pers\u00f6nliche Daten angeben.<\/span><\/p>\n<h3><b> Datenschutz f\u00fcr Kinder<\/b><b><br \/>\n<\/b><\/h3>\n<p><span style=\"font-weight: 400;\">Unser Dienst ist nicht f\u00fcr Personen unter 18 Jahren bestimmt. Wir sammeln nicht wissentlich personenbezogene Daten von Kindern. Sollten wir Kenntnis von Daten erhalten, die von einem Kind erhoben wurden, werden wir Ma\u00dfnahmen ergreifen, um diese zu l\u00f6schen.<\/span><\/p>\n<h3><b> \u00c4nderungen an dieser Datenschutzrichtlinie<\/b><b><br \/>\n<\/b><\/h3>\n<p><span style=\"font-weight: 400;\">Wir k\u00f6nnen unsere Datenschutzrichtlinie von Zeit zu Zeit aktualisieren. Alle \u00c4nderungen werden auf dieser Seite ver\u00f6ffentlicht, und wir werden Sie per E-Mail oder \u00fcber unseren Service benachrichtigen.<\/span><\/p>\n<h3><b>Kontakt<\/b><b><br \/>\n<\/b><\/h3>\n<p><span style=\"font-weight: 400;\">Wenn Sie Fragen zu dieser Datenschutzrichtlinie haben, wenden Sie sich bitte an uns: <\/span><span style=\"font-weight: 400;\">info@yourmadeiraisland.com<\/span><\/p>","protected":false},"excerpt":{"rendered":"<p>Introduction Exclusivo &amp; Discreto Unipessoal LDA (&#8220;we&#8221;, &#8220;our&#8221;, or &#8220;us&#8221;) operates the website https:\/\/yourmadeiraisland.com\/ (the &#8220;Service&#8221;). This Privacy Policy explains how we collect, use, and safeguard your personal information when you use our Service. We are not a tour guide company, but a platform that aggregates various tour offers available on the island of Madeira. [&hellip;]<\/p>\n","protected":false},"author":1,"featured_media":0,"parent":0,"menu_order":0,"comment_status":"closed","ping_status":"closed","template":"","meta":{"footnotes":""},"class_list":["post-3","page","type-page","status-publish","hentry"],"_links":{"self":[{"href":"https:\/\/yourmadeiraisland.com\/de\/wp-json\/wp\/v2\/pages\/3","targetHints":{"allow":["GET"]}}],"collection":[{"href":"https:\/\/yourmadeiraisland.com\/de\/wp-json\/wp\/v2\/pages"}],"about":[{"href":"https:\/\/yourmadeiraisland.com\/de\/wp-json\/wp\/v2\/types\/page"}],"author":[{"embeddable":true,"href":"https:\/\/yourmadeiraisland.com\/de\/wp-json\/wp\/v2\/users\/1"}],"replies":[{"embeddable":true,"href":"https:\/\/yourmadeiraisland.com\/de\/wp-json\/wp\/v2\/comments?post=3"}],"version-history":[{"count":5,"href":"https:\/\/yourmadeiraisland.com\/de\/wp-json\/wp\/v2\/pages\/3\/revisions"}],"predecessor-version":[{"id":9012,"href":"https:\/\/yourmadeiraisland.com\/de\/wp-json\/wp\/v2\/pages\/3\/revisions\/9012"}],"wp:attachment":[{"href":"https:\/\/yourmadeiraisland.com\/de\/wp-json\/wp\/v2\/media?parent=3"}],"curies":[{"name":"wp","href":"https:\/\/api.w.org\/{rel}","templated":true}]}}