{"id":3,"date":"2022-03-02T09:48:37","date_gmt":"2022-03-02T09:48:37","guid":{"rendered":"https:\/\/yourmadeiraisland.com\/?page_id=3"},"modified":"2025-07-23T20:28:33","modified_gmt":"2025-07-23T20:28:33","slug":"privacy-policy","status":"publish","type":"page","link":"https:\/\/yourmadeiraisland.com\/es\/privacy-policy\/","title":{"rendered":"Pol\u00edtica de privacidad"},"content":{"rendered":"<h3><b> Introducci\u00f3n<\/b><\/h3>\n<p><b><br \/>\n<\/b><span style=\"font-weight: 400;\">Exclusivo &amp; Discreto Unipessoal LDA (\"nosotros\", \"nuestro\" o \"nos\") gestiona el sitio web<\/span><a href=\"https:\/\/yourmadeiraisland.com\/es\/\"> <span style=\"font-weight: 400;\">https:\/\/yourmadeiraisland.com\/<\/span><\/a><span style=\"font-weight: 400;\"> (el \"Servicio\"). Esta Pol\u00edtica de Privacidad explica c\u00f3mo recogemos, utilizamos y protegemos su informaci\u00f3n personal cuando utiliza nuestro Servicio. No somos una empresa de gu\u00edas tur\u00edsticos, sino una plataforma que agrega diversas ofertas de excursiones disponibles en la isla de Madeira. Al utilizar el Servicio, usted acepta la recopilaci\u00f3n y el uso de su informaci\u00f3n como se indica en esta pol\u00edtica.<\/span><\/p>\n<h3><b>Definiciones<\/b><\/h3>\n<ul>\n<li style=\"font-weight: 400;\" aria-level=\"1\"><b>Servicio<\/b><span style=\"font-weight: 400;\">: El sitio web<\/span><a href=\"https:\/\/yourmadeiraisland.com\/es\/\"> <span style=\"font-weight: 400;\">https:\/\/yourmadeiraisland.com\/<\/span><\/a><span style=\"font-weight: 400;\"> operado por Exclusivo &amp; Discreto Unipessoal LDA.<\/span><\/li>\n<li style=\"font-weight: 400;\" aria-level=\"1\"><b>Datos personales<\/b><span style=\"font-weight: 400;\">: Informaci\u00f3n que puede identificar a un individuo vivo, ya sea directamente o en combinaci\u00f3n con otros datos.<\/span><\/li>\n<li style=\"font-weight: 400;\" aria-level=\"1\"><b>Datos de uso<\/b><span style=\"font-weight: 400;\">: Informaci\u00f3n recopilada autom\u00e1ticamente durante el uso de nuestro Servicio, como direcciones IP y comportamiento de navegaci\u00f3n.<\/span><\/li>\n<li style=\"font-weight: 400;\" aria-level=\"1\"><b>Cookies<\/b><span style=\"font-weight: 400;\">: Peque\u00f1os archivos almacenados en su dispositivo que recopilan datos para mejorar la experiencia del usuario.<\/span><\/li>\n<li style=\"font-weight: 400;\" aria-level=\"1\"><b>Controlador de datos<\/b><span style=\"font-weight: 400;\">: Exclusivo &amp; Discreto Unipessoal LDA, responsable del tratamiento de sus Datos Personales.<\/span><\/li>\n<li style=\"font-weight: 400;\" aria-level=\"1\"><b>Procesadores de datos<\/b><span style=\"font-weight: 400;\">: Terceras empresas que procesan datos en nuestro nombre para prestar el Servicio.<\/span><\/li>\n<li style=\"font-weight: 400;\" aria-level=\"1\"><b>Usuario<\/b><span style=\"font-weight: 400;\">: Cualquier persona f\u00edsica que utilice nuestro Servicio.<\/span><\/li>\n<\/ul>\n<h3><b> Recogida y uso de la informaci\u00f3n<\/b><b><br \/>\n<\/b><\/h3>\n<p><span style=\"font-weight: 400;\">Recopilamos diferentes tipos de datos con diversos fines para mejorar nuestro Servicio y ofrecer contenidos relevantes.<\/span><\/p>\n<h3><b> Tipos de datos recogidos<\/b><\/h3>\n<ul>\n<li style=\"font-weight: 400;\" aria-level=\"1\"><b>Datos personales<\/b><span style=\"font-weight: 400;\">: Esto puede incluir, pero no se limita a:<\/span>\n<ul>\n<li style=\"font-weight: 400;\" aria-level=\"2\"><span style=\"font-weight: 400;\">Direcci\u00f3n de correo electr\u00f3nico<\/span><\/li>\n<li style=\"font-weight: 400;\" aria-level=\"2\"><span style=\"font-weight: 400;\">Nombre y apellidos<\/span><\/li>\n<li style=\"font-weight: 400;\" aria-level=\"2\"><span style=\"font-weight: 400;\">N\u00famero de tel\u00e9fono<\/span><\/li>\n<li style=\"font-weight: 400;\" aria-level=\"2\"><span style=\"font-weight: 400;\">Cookies y datos de uso<\/span><\/li>\n<\/ul>\n<\/li>\n<\/ul>\n<p><span style=\"font-weight: 400;\">Podemos utilizar sus Datos Personales para enviarle comunicaciones de marketing, boletines informativos o informaci\u00f3n sobre ofertas. Puede darse de baja en cualquier momento siguiendo el enlace para darse de baja que figura en nuestras comunicaciones.<\/span><\/p>\n<ul>\n<li style=\"font-weight: 400;\" aria-level=\"1\"><b>Datos de uso<\/b><span style=\"font-weight: 400;\">: Informaci\u00f3n como su direcci\u00f3n IP, tipo de navegador, tiempo de permanencia en nuestro Servicio y p\u00e1ginas visitadas.<\/span><\/li>\n<li style=\"font-weight: 400;\" aria-level=\"1\"><b>Cookies y datos de seguimiento<\/b><span style=\"font-weight: 400;\">: Utilizamos cookies para rastrear la actividad en nuestro Servicio y almacenar cierta informaci\u00f3n. Puede controlar sus preferencias de cookies en la configuraci\u00f3n de su navegador.<\/span><\/li>\n<\/ul>\n<h3><b> Uso de los datos<\/b><\/h3>\n<p><b><\/b><span style=\"font-weight: 400;\">Utilizamos sus datos para los siguientes fines:<\/span><\/p>\n<ul>\n<li style=\"font-weight: 400;\" aria-level=\"1\"><span style=\"font-weight: 400;\">Para operar y mantener nuestro Servicio<\/span><\/li>\n<li style=\"font-weight: 400;\" aria-level=\"1\"><span style=\"font-weight: 400;\">Para notificarle cambios en nuestro Servicio<\/span><\/li>\n<li style=\"font-weight: 400;\" aria-level=\"1\"><span style=\"font-weight: 400;\">Prestar asistencia al cliente<\/span><\/li>\n<li style=\"font-weight: 400;\" aria-level=\"1\"><span style=\"font-weight: 400;\">Para controlar el uso y mejorar el rendimiento<\/span><\/li>\n<li style=\"font-weight: 400;\" aria-level=\"1\"><span style=\"font-weight: 400;\">Para enviarle contenido promocional o de marketing relevante (con su consentimiento)<\/span><\/li>\n<\/ul>\n<h3><b> Conservaci\u00f3n de datos<\/b><b><br \/>\n<\/b><\/h3>\n<p><span style=\"font-weight: 400;\">Conservamos sus Datos Personales s\u00f3lo durante el tiempo necesario para cumplir los fines descritos en esta Pol\u00edtica de Privacidad, o seg\u00fan lo exija la ley. Los Datos de Uso se conservan durante periodos m\u00e1s cortos, a menos que se utilicen por motivos de seguridad o para mejorar el Servicio.<\/span><\/p>\n<h3><b>Transferencia de datos<\/b><\/h3>\n<p><span style=\"font-weight: 400;\">Sus datos, incluidos los de car\u00e1cter personal, s\u00f3lo se comparten con las empresas tur\u00edsticas con las que colaboramos para prestarle los servicios que solicita. Nos aseguramos de que estas empresas cumplan las normas de protecci\u00f3n de datos y confidencialidad. No transferimos sus datos a ning\u00fan otro tercero a menos que lo exija la ley o con su consentimiento expl\u00edcito.<\/span><\/p>\n<h3><b> Divulgaci\u00f3n de datos<\/b><\/h3>\n<p><b><\/b><span style=\"font-weight: 400;\">Podemos revelar sus datos en los siguientes casos:<\/span><\/p>\n<ul>\n<li><span style=\"font-weight: 400;\">Cumplir las obligaciones legales<\/span><\/li>\n<li>En caso de transacci\u00f3n comercial, como una fusi\u00f3n o venta de activos<\/li>\n<li>A los proveedores de servicios que nos ayudan en el funcionamiento de nuestra empresa<\/li>\n<li>Con su consentimiento, o cuando sea necesario para fines legales o comerciales<\/li>\n<\/ul>\n<h3><b> Seguridad de los datos<\/b><b><br \/>\n<\/b><\/h3>\n<p><span style=\"font-weight: 400;\">Aplicamos estrictas medidas de seguridad, como el cifrado y las auditor\u00edas de seguridad peri\u00f3dicas, para proteger su informaci\u00f3n personal. Aunque ning\u00fan m\u00e9todo de transmisi\u00f3n a trav\u00e9s de Internet es 100% seguro, revisamos y mejoramos continuamente nuestros protocolos de seguridad para proteger sus datos con los m\u00e1ximos est\u00e1ndares posibles.<\/span><\/p>\n<h3><b> Proveedores de servicios<\/b><\/h3>\n<p><b><\/b><span style=\"font-weight: 400;\">Podemos utilizar proveedores de servicios externos para facilitar nuestro Servicio, incluidos servicios de alojamiento, an\u00e1lisis y marketing. Estos proveedores solo tienen acceso a sus datos personales para realizar tareas en nuestro nombre y est\u00e1n obligados a proteger su privacidad.<\/span><\/p>\n<h3><b> Anal\u00edtica<\/b><\/h3>\n<p><b><\/b><span style=\"font-weight: 400;\">Utilizamos herramientas anal\u00edticas de terceros para supervisar el rendimiento y el uso de nuestro Servicio.<\/span><\/p>\n<h3><b> Pagos<\/b><\/h3>\n<p><b><\/b><span style=\"font-weight: 400;\">Si realiza compras a trav\u00e9s de nuestra plataforma, utilizamos procesadores de pagos externos. Estos procesadores gestionan sus datos de pago de forma segura y no los almacenamos.<\/span><\/p>\n<h3><b> Enlaces a otros sitios<\/b><b><br \/>\n<\/b><\/h3>\n<p><span style=\"font-weight: 400;\">Nuestro Servicio puede contener enlaces a sitios web de terceros. No somos responsables de las pr\u00e1cticas de privacidad o del contenido de estos sitios web externos, y le recomendamos que revise sus pol\u00edticas antes de proporcionar cualquier informaci\u00f3n personal.<\/span><\/p>\n<h3><b> Privacidad infantil<\/b><b><br \/>\n<\/b><\/h3>\n<p><span style=\"font-weight: 400;\">Nuestro Servicio no est\u00e1 destinado a menores de 18 a\u00f1os. No recopilamos conscientemente datos personales de menores. Si tenemos conocimiento de que se han recopilado datos de un menor, tomaremos medidas para eliminarlos.<\/span><\/p>\n<h3><b> Cambios en esta pol\u00edtica de privacidad<\/b><b><br \/>\n<\/b><\/h3>\n<p><span style=\"font-weight: 400;\">Es posible que actualicemos nuestra Pol\u00edtica de Privacidad peri\u00f3dicamente. Cualquier cambio ser\u00e1 publicado en esta p\u00e1gina, y se lo notificaremos por correo electr\u00f3nico o a trav\u00e9s de nuestro Servicio.<\/span><\/p>\n<h3><b>Contacte con nosotros<\/b><b><br \/>\n<\/b><\/h3>\n<p><span style=\"font-weight: 400;\">Si tiene alguna pregunta sobre esta Pol\u00edtica de privacidad, p\u00f3ngase en contacto con nosotros en: <\/span><span style=\"font-weight: 400;\">info@yourmadeiraisland.com<\/span><\/p>","protected":false},"excerpt":{"rendered":"<p>Introduction Exclusivo &amp; Discreto Unipessoal LDA (&#8220;we&#8221;, &#8220;our&#8221;, or &#8220;us&#8221;) operates the website https:\/\/yourmadeiraisland.com\/ (the &#8220;Service&#8221;). This Privacy Policy explains how we collect, use, and safeguard your personal information when you use our Service. We are not a tour guide company, but a platform that aggregates various tour offers available on the island of Madeira. [&hellip;]<\/p>\n","protected":false},"author":1,"featured_media":0,"parent":0,"menu_order":0,"comment_status":"closed","ping_status":"closed","template":"","meta":{"footnotes":""},"class_list":["post-3","page","type-page","status-publish","hentry"],"_links":{"self":[{"href":"https:\/\/yourmadeiraisland.com\/es\/wp-json\/wp\/v2\/pages\/3","targetHints":{"allow":["GET"]}}],"collection":[{"href":"https:\/\/yourmadeiraisland.com\/es\/wp-json\/wp\/v2\/pages"}],"about":[{"href":"https:\/\/yourmadeiraisland.com\/es\/wp-json\/wp\/v2\/types\/page"}],"author":[{"embeddable":true,"href":"https:\/\/yourmadeiraisland.com\/es\/wp-json\/wp\/v2\/users\/1"}],"replies":[{"embeddable":true,"href":"https:\/\/yourmadeiraisland.com\/es\/wp-json\/wp\/v2\/comments?post=3"}],"version-history":[{"count":5,"href":"https:\/\/yourmadeiraisland.com\/es\/wp-json\/wp\/v2\/pages\/3\/revisions"}],"predecessor-version":[{"id":9012,"href":"https:\/\/yourmadeiraisland.com\/es\/wp-json\/wp\/v2\/pages\/3\/revisions\/9012"}],"wp:attachment":[{"href":"https:\/\/yourmadeiraisland.com\/es\/wp-json\/wp\/v2\/media?parent=3"}],"curies":[{"name":"wp","href":"https:\/\/api.w.org\/{rel}","templated":true}]}}