{"id":3,"date":"2022-03-02T09:48:37","date_gmt":"2022-03-02T09:48:37","guid":{"rendered":"https:\/\/yourmadeiraisland.com\/?page_id=3"},"modified":"2025-07-23T20:28:33","modified_gmt":"2025-07-23T20:28:33","slug":"privacy-policy","status":"publish","type":"page","link":"https:\/\/yourmadeiraisland.com\/fr\/privacy-policy\/","title":{"rendered":"Politique de confidentialit\u00e9"},"content":{"rendered":"<h3><b> Introduction<\/b><\/h3>\n<p><b><br \/>\n<\/b><span style=\"font-weight: 400;\">Exclusivo &amp; Discreto Unipessoal LDA (\"nous\", \"notre\" ou \"nos\") exploite le site web<\/span><a href=\"https:\/\/yourmadeiraisland.com\/fr\/\"> <span style=\"font-weight: 400;\">https:\/\/yourmadeiraisland.com\/<\/span><\/a><span style=\"font-weight: 400;\"> (le \"Service\"). Cette politique de confidentialit\u00e9 explique comment nous collectons, utilisons et prot\u00e9geons vos informations personnelles lorsque vous utilisez notre Service. Nous ne sommes pas une soci\u00e9t\u00e9 de guides touristiques, mais une plateforme qui regroupe diverses offres de visites disponibles sur l'\u00eele de Mad\u00e8re. En utilisant le Service, vous acceptez la collecte et l'utilisation de vos informations comme indiqu\u00e9 dans cette politique.<\/span><\/p>\n<h3><b>D\u00e9finitions<\/b><\/h3>\n<ul>\n<li style=\"font-weight: 400;\" aria-level=\"1\"><b>Service<\/b><span style=\"font-weight: 400;\">: Le site web<\/span><a href=\"https:\/\/yourmadeiraisland.com\/fr\/\"> <span style=\"font-weight: 400;\">https:\/\/yourmadeiraisland.com\/<\/span><\/a><span style=\"font-weight: 400;\"> g\u00e9r\u00e9 par Exclusivo &amp; Discreto Unipessoal LDA.<\/span><\/li>\n<li style=\"font-weight: 400;\" aria-level=\"1\"><b>Donn\u00e9es personnelles<\/b><span style=\"font-weight: 400;\">: Informations permettant d'identifier une personne vivante, soit directement, soit en combinaison avec d'autres donn\u00e9es.<\/span><\/li>\n<li style=\"font-weight: 400;\" aria-level=\"1\"><b>Donn\u00e9es d'utilisation<\/b><span style=\"font-weight: 400;\">: Informations collect\u00e9es automatiquement lors de l'utilisation de notre service, telles que les adresses IP et le comportement de navigation.<\/span><\/li>\n<li style=\"font-weight: 400;\" aria-level=\"1\"><b>Cookies<\/b><span style=\"font-weight: 400;\">: Petits fichiers stock\u00e9s sur votre appareil qui collectent des donn\u00e9es pour am\u00e9liorer l'exp\u00e9rience de l'utilisateur.<\/span><\/li>\n<li style=\"font-weight: 400;\" aria-level=\"1\"><b>Contr\u00f4leur des donn\u00e9es<\/b><span style=\"font-weight: 400;\">: Exclusivo &amp; Discreto Unipessoal LDA, responsable du traitement de vos donn\u00e9es personnelles.<\/span><\/li>\n<li style=\"font-weight: 400;\" aria-level=\"1\"><b>Responsables du traitement des donn\u00e9es<\/b><span style=\"font-weight: 400;\">: Les soci\u00e9t\u00e9s tierces qui traitent les donn\u00e9es en notre nom pour fournir le service.<\/span><\/li>\n<li style=\"font-weight: 400;\" aria-level=\"1\"><b>Utilisateur<\/b><span style=\"font-weight: 400;\">: Toute personne utilisant notre service.<\/span><\/li>\n<\/ul>\n<h3><b> Collecte et utilisation des informations<\/b><b><br \/>\n<\/b><\/h3>\n<p><span style=\"font-weight: 400;\">Nous collectons diff\u00e9rents types de donn\u00e9es \u00e0 plusieurs fins afin d'am\u00e9liorer notre service et de fournir un contenu pertinent.<\/span><\/p>\n<h3><b> Types de donn\u00e9es collect\u00e9es<\/b><\/h3>\n<ul>\n<li style=\"font-weight: 400;\" aria-level=\"1\"><b>Donn\u00e9es personnelles<\/b><span style=\"font-weight: 400;\">: Cela peut inclure, mais n'est pas limit\u00e9 \u00e0 :<\/span>\n<ul>\n<li style=\"font-weight: 400;\" aria-level=\"2\"><span style=\"font-weight: 400;\">Adresse \u00e9lectronique<\/span><\/li>\n<li style=\"font-weight: 400;\" aria-level=\"2\"><span style=\"font-weight: 400;\">Nom et pr\u00e9nom<\/span><\/li>\n<li style=\"font-weight: 400;\" aria-level=\"2\"><span style=\"font-weight: 400;\">Num\u00e9ro de t\u00e9l\u00e9phone<\/span><\/li>\n<li style=\"font-weight: 400;\" aria-level=\"2\"><span style=\"font-weight: 400;\">Cookies et donn\u00e9es d'utilisation<\/span><\/li>\n<\/ul>\n<\/li>\n<\/ul>\n<p><span style=\"font-weight: 400;\">Nous pouvons utiliser vos donn\u00e9es personnelles pour vous envoyer des communications marketing, des bulletins d'information ou des informations sur des offres. Vous pouvez vous d\u00e9sinscrire \u00e0 tout moment en suivant le lien de d\u00e9sinscription fourni dans nos communications.<\/span><\/p>\n<ul>\n<li style=\"font-weight: 400;\" aria-level=\"1\"><b>Donn\u00e9es d'utilisation<\/b><span style=\"font-weight: 400;\">: Des informations telles que votre adresse IP, votre type de navigateur, le temps pass\u00e9 sur notre service et les pages visit\u00e9es.<\/span><\/li>\n<li style=\"font-weight: 400;\" aria-level=\"1\"><b>Cookies et donn\u00e9es de suivi<\/b><span style=\"font-weight: 400;\">: Nous utilisons des cookies pour suivre l'activit\u00e9 sur notre service et stocker certaines informations. Vous pouvez contr\u00f4ler vos pr\u00e9f\u00e9rences en mati\u00e8re de cookies dans les param\u00e8tres de votre navigateur.<\/span><\/li>\n<\/ul>\n<h3><b> Utilisation des donn\u00e9es<\/b><\/h3>\n<p><b><\/b><span style=\"font-weight: 400;\">Nous utilisons vos donn\u00e9es aux fins suivantes :<\/span><\/p>\n<ul>\n<li style=\"font-weight: 400;\" aria-level=\"1\"><span style=\"font-weight: 400;\">Exploiter et maintenir notre service<\/span><\/li>\n<li style=\"font-weight: 400;\" aria-level=\"1\"><span style=\"font-weight: 400;\">Pour vous informer des changements apport\u00e9s \u00e0 notre service<\/span><\/li>\n<li style=\"font-weight: 400;\" aria-level=\"1\"><span style=\"font-weight: 400;\">Fournir une assistance \u00e0 la client\u00e8le<\/span><\/li>\n<li style=\"font-weight: 400;\" aria-level=\"1\"><span style=\"font-weight: 400;\">Contr\u00f4ler l'utilisation et am\u00e9liorer les performances<\/span><\/li>\n<li style=\"font-weight: 400;\" aria-level=\"1\"><span style=\"font-weight: 400;\">Pour vous envoyer un contenu marketing ou promotionnel pertinent (avec votre consentement)<\/span><\/li>\n<\/ul>\n<h3><b> Conservation des donn\u00e9es<\/b><b><br \/>\n<\/b><\/h3>\n<p><span style=\"font-weight: 400;\">Nous ne conservons vos donn\u00e9es personnelles que pendant la dur\u00e9e n\u00e9cessaire \u00e0 la r\u00e9alisation des objectifs d\u00e9crits dans la pr\u00e9sente politique de confidentialit\u00e9, ou pendant la dur\u00e9e requise par la loi. Les donn\u00e9es d'utilisation sont conserv\u00e9es pendant des p\u00e9riodes plus courtes, sauf si elles sont utilis\u00e9es \u00e0 des fins de s\u00e9curit\u00e9 ou pour am\u00e9liorer le service.<\/span><\/p>\n<h3><b>Transfert de donn\u00e9es<\/b><\/h3>\n<p><span style=\"font-weight: 400;\">Vos donn\u00e9es, y compris vos donn\u00e9es personnelles, ne sont partag\u00e9es qu'avec les voyagistes avec lesquels nous collaborons pour fournir les services que vous demandez. Nous veillons \u00e0 ce que ces entreprises respectent les normes de protection des donn\u00e9es et de confidentialit\u00e9. Nous ne transmettons pas vos donn\u00e9es \u00e0 d'autres tiers, sauf si la loi l'exige ou si vous y consentez explicitement.<\/span><\/p>\n<h3><b> Divulgation des donn\u00e9es<\/b><\/h3>\n<p><b><\/b><span style=\"font-weight: 400;\">Nous pouvons divulguer vos donn\u00e9es dans les cas suivants :<\/span><\/p>\n<ul>\n<li><span style=\"font-weight: 400;\">Respecter les obligations l\u00e9gales<\/span><\/li>\n<li>En cas de transaction commerciale telle qu'une fusion ou une vente d'actifs<\/li>\n<li>aux prestataires de services qui nous aident \u00e0 exercer nos activit\u00e9s<\/li>\n<li>Avec votre consentement, ou lorsque cela est n\u00e9cessaire \u00e0 des fins juridiques ou commerciales<\/li>\n<\/ul>\n<h3><b> S\u00e9curit\u00e9 des donn\u00e9es<\/b><b><br \/>\n<\/b><\/h3>\n<p><span style=\"font-weight: 400;\">Nous mettons en \u0153uvre des mesures de s\u00e9curit\u00e9 strictes, y compris le cryptage et des audits de s\u00e9curit\u00e9 r\u00e9guliers, pour prot\u00e9ger vos informations personnelles. Bien qu'aucune m\u00e9thode de transmission sur Internet ne soit 100% s\u00fbre, nous r\u00e9visons et am\u00e9liorons continuellement nos protocoles de s\u00e9curit\u00e9 afin de prot\u00e9ger vos donn\u00e9es selon les normes les plus \u00e9lev\u00e9es possibles.<\/span><\/p>\n<h3><b> Prestataires de services<\/b><\/h3>\n<p><b><\/b><span style=\"font-weight: 400;\">Nous pouvons faire appel \u00e0 des prestataires de services tiers pour faciliter notre service, y compris des services d'h\u00e9bergement, d'analyse et de marketing. Ces fournisseurs n'ont acc\u00e8s \u00e0 vos donn\u00e9es personnelles que pour effectuer des t\u00e2ches en notre nom et sont tenus de prot\u00e9ger votre vie priv\u00e9e.<\/span><\/p>\n<h3><b> Analytique<\/b><\/h3>\n<p><b><\/b><span style=\"font-weight: 400;\">Nous utilisons des outils d'analyse tiers pour contr\u00f4ler les performances et l'utilisation de notre service.<\/span><\/p>\n<h3><b> Paiements<\/b><\/h3>\n<p><b><\/b><span style=\"font-weight: 400;\">Si vous effectuez des achats par l'interm\u00e9diaire de notre plateforme, nous utilisons des processeurs de paiement tiers. Vos donn\u00e9es de paiement sont trait\u00e9es en toute s\u00e9curit\u00e9 par ces processeurs et ne sont pas stock\u00e9es par nous.<\/span><\/p>\n<h3><b> Liens vers d'autres sites<\/b><b><br \/>\n<\/b><\/h3>\n<p><span style=\"font-weight: 400;\">Notre service peut contenir des liens vers des sites de tiers. Nous ne sommes pas responsables des pratiques en mati\u00e8re de protection de la vie priv\u00e9e ou du contenu de ces sites externes, et nous vous encourageons \u00e0 consulter leurs politiques avant de fournir des informations personnelles.<\/span><\/p>\n<h3><b> Vie priv\u00e9e des enfants<\/b><b><br \/>\n<\/b><\/h3>\n<p><span style=\"font-weight: 400;\">Notre service n'est pas destin\u00e9 aux personnes de moins de 18 ans. Nous ne collectons pas sciemment de donn\u00e9es \u00e0 caract\u00e8re personnel aupr\u00e8s d'enfants. Si nous prenons connaissance de donn\u00e9es collect\u00e9es aupr\u00e8s d'un enfant, nous prendrons des mesures pour les supprimer.<\/span><\/p>\n<h3><b> Modifications de la pr\u00e9sente politique de confidentialit\u00e9<\/b><b><br \/>\n<\/b><\/h3>\n<p><span style=\"font-weight: 400;\">Nous pouvons mettre \u00e0 jour notre politique de confidentialit\u00e9 p\u00e9riodiquement. Toute modification sera publi\u00e9e sur cette page et nous vous en informerons par courrier \u00e9lectronique ou par l'interm\u00e9diaire de notre service.<\/span><\/p>\n<h3><b>Nous contacter<\/b><b><br \/>\n<\/b><\/h3>\n<p><span style=\"font-weight: 400;\">Si vous avez des questions concernant la pr\u00e9sente politique de protection de la vie priv\u00e9e, veuillez nous contacter \u00e0 l'adresse suivante <\/span><span style=\"font-weight: 400;\">info@yourmadeiraisland.com<\/span><\/p>","protected":false},"excerpt":{"rendered":"<p>Introduction Exclusivo &amp; Discreto Unipessoal LDA (&#8220;we&#8221;, &#8220;our&#8221;, or &#8220;us&#8221;) operates the website https:\/\/yourmadeiraisland.com\/ (the &#8220;Service&#8221;). This Privacy Policy explains how we collect, use, and safeguard your personal information when you use our Service. We are not a tour guide company, but a platform that aggregates various tour offers available on the island of Madeira. [&hellip;]<\/p>\n","protected":false},"author":1,"featured_media":0,"parent":0,"menu_order":0,"comment_status":"closed","ping_status":"closed","template":"","meta":{"footnotes":""},"class_list":["post-3","page","type-page","status-publish","hentry"],"_links":{"self":[{"href":"https:\/\/yourmadeiraisland.com\/fr\/wp-json\/wp\/v2\/pages\/3","targetHints":{"allow":["GET"]}}],"collection":[{"href":"https:\/\/yourmadeiraisland.com\/fr\/wp-json\/wp\/v2\/pages"}],"about":[{"href":"https:\/\/yourmadeiraisland.com\/fr\/wp-json\/wp\/v2\/types\/page"}],"author":[{"embeddable":true,"href":"https:\/\/yourmadeiraisland.com\/fr\/wp-json\/wp\/v2\/users\/1"}],"replies":[{"embeddable":true,"href":"https:\/\/yourmadeiraisland.com\/fr\/wp-json\/wp\/v2\/comments?post=3"}],"version-history":[{"count":5,"href":"https:\/\/yourmadeiraisland.com\/fr\/wp-json\/wp\/v2\/pages\/3\/revisions"}],"predecessor-version":[{"id":9012,"href":"https:\/\/yourmadeiraisland.com\/fr\/wp-json\/wp\/v2\/pages\/3\/revisions\/9012"}],"wp:attachment":[{"href":"https:\/\/yourmadeiraisland.com\/fr\/wp-json\/wp\/v2\/media?parent=3"}],"curies":[{"name":"wp","href":"https:\/\/api.w.org\/{rel}","templated":true}]}}